{"id":16856,"date":"2025-06-25T14:53:12","date_gmt":"2025-06-25T12:53:12","guid":{"rendered":"https:\/\/dev.smarthomesolutions-mt.de\/?page_id=16856"},"modified":"2025-06-25T15:07:51","modified_gmt":"2025-06-25T13:07:51","slug":"kunde-2","status":"publish","type":"page","link":"https:\/\/dev.smarthomesolutions-mt.de\/?page_id=16856","title":{"rendered":"Kunde 2"},"content":{"rendered":"\t\t<div data-elementor-type=\"wp-page\" data-elementor-id=\"16856\" class=\"elementor elementor-16856\">\n\t\t\t\t\t\t<section class=\"elementor-section elementor-top-section elementor-element elementor-element-2972c45c elementor-section-full_width elementor-section-height-default elementor-section-height-default\" data-id=\"2972c45c\" data-element_type=\"section\" data-e-type=\"section\">\n\t\t\t\t\t\t<div class=\"elementor-container elementor-column-gap-no\">\n\t\t\t\t\t<div class=\"elementor-column elementor-col-100 elementor-top-column elementor-element elementor-element-2b0c2115\" data-id=\"2b0c2115\" data-element_type=\"column\" data-e-type=\"column\">\n\t\t\t<div class=\"elementor-widget-wrap elementor-element-populated\">\n\t\t\t\t\t\t<div class=\"elementor-element elementor-element-5740ed62 elementor-widget elementor-widget-spacer\" data-id=\"5740ed62\" data-element_type=\"widget\" data-e-type=\"widget\" data-widget_type=\"spacer.default\">\n\t\t\t\t<div class=\"elementor-widget-container\">\n\t\t\t\t\t\t\t<div class=\"elementor-spacer\">\n\t\t\t<div class=\"elementor-spacer-inner\"><\/div>\n\t\t<\/div>\n\t\t\t\t\t\t<\/div>\n\t\t\t\t<\/div>\n\t\t\t\t<div class=\"elementor-element elementor-element-782175f1 elementor-widget elementor-widget-slider_revolution\" data-id=\"782175f1\" data-element_type=\"widget\" data-e-type=\"widget\" data-widget_type=\"slider_revolution.default\">\n\t\t\t\t<div class=\"elementor-widget-container\">\n\t\t\t\t\t\n\t\t<div class=\"wp-block-themepunch-revslider\">\n\t\t\t<!-- START kunde2 REVOLUTION SLIDER 6.7.40 --><p class=\"rs-p-wp-fix\"><\/p>\n\t\t\t<rs-module-wrap id=\"rev_slider_38_1_wrapper\" data-source=\"gallery\" style=\"visibility:hidden;background:transparent;padding:0;margin:0px auto;margin-top:0;margin-bottom:0;\">\n\t\t\t\t<rs-module id=\"rev_slider_38_1\" style=\"\" data-version=\"6.7.40\">\n\t\t\t\t\t<rs-slides style=\"overflow: hidden; position: absolute;\">\n\t\t\t\t\t\t<rs-slide style=\"position: absolute;\" data-key=\"rs-55\" data-title=\"Slide\" data-in=\"o:0;\" data-out=\"a:false;\">\n\t\t\t\t\t\t\t<img fetchpriority=\"high\" decoding=\"async\" src=\"\/\/dev.smarthomesolutions-mt.de\/wp-content\/plugins\/revslider\/sr6\/assets\/assets\/dummy.png\" alt=\"\" title=\"slider2.jpg\" width=\"1920\" height=\"950\" class=\"rev-slidebg tp-rs-img rs-lazyload\" data-lazyload=\"\/\/dev.smarthomesolutions-mt.de\/wp-content\/uploads\/revslider\/slider-1-12\/slider2.jpg\" data-no-retina>\n<!--\n\t\t\t\t\t\t\t--><rs-group\n\t\t\t\t\t\t\t\tid=\"slider-38-slide-55-layer-0\" \n\t\t\t\t\t\t\t\tdata-type=\"group\"\n\t\t\t\t\t\t\t\tdata-rsp_ch=\"on\"\n\t\t\t\t\t\t\t\tdata-xy=\"xo:3px,5px,5px,6px;y:m;yo:1px,0,0,0;\"\n\t\t\t\t\t\t\t\tdata-text=\"w:normal;s:20,16,12,7;l:0,20,15,9;\"\n\t\t\t\t\t\t\t\tdata-dim=\"w:1160px,957px,636px,464px;h:428px,353px,351px,304px;\"\n\t\t\t\t\t\t\t\tdata-frame_0=\"o:1;\"\n\t\t\t\t\t\t\t\tdata-frame_999=\"o:0;st:w;sR:8700;sA:9000;\"\n\t\t\t\t\t\t\t\tstyle=\"z-index:6;\"\n\t\t\t\t\t\t\t><!--\n\t\t\t\t\t\t\t\t--><rs-layer\n\t\t\t\t\t\t\t\t\tid=\"slider-38-slide-55-layer-1\" \n\t\t\t\t\t\t\t\t\tdata-type=\"text\"\n\t\t\t\t\t\t\t\t\tdata-rsp_ch=\"on\"\n\t\t\t\t\t\t\t\t\tdata-xy=\"xo:8px,4px,2px,5px;yo:183px,154px,125px,107px;\"\n\t\t\t\t\t\t\t\t\tdata-pos=\"a\"\n\t\t\t\t\t\t\t\t\tdata-text=\"w:normal;s:60,52,45,35;l:65,56,51,41;fw:700;\"\n\t\t\t\t\t\t\t\t\tdata-dim=\"w:829px,684px,595px,437px;\"\n\t\t\t\t\t\t\t\t\tdata-frame_0=\"y:100%;\"\n\t\t\t\t\t\t\t\t\tdata-frame_0_mask=\"u:t;\"\n\t\t\t\t\t\t\t\t\tdata-frame_1=\"st:220;sp:1200;sR:220;\"\n\t\t\t\t\t\t\t\t\tdata-frame_1_mask=\"u:t;\"\n\t\t\t\t\t\t\t\t\tdata-frame_999=\"o:0;st:w;sR:7580;\"\n\t\t\t\t\t\t\t\t\tstyle=\"z-index:8;font-family:'Fira Sans';\"\n\t\t\t\t\t\t\t\t>das ganze Haus denkt mit \n\t\t\t\t\t\t\t\t<\/rs-layer><!--\n\n\t\t\t\t\t\t\t\t--><rs-layer\n\t\t\t\t\t\t\t\t\tid=\"slider-38-slide-55-layer-4\" \n\t\t\t\t\t\t\t\t\tdata-type=\"text\"\n\t\t\t\t\t\t\t\t\tdata-color=\"#ff3c00\"\n\t\t\t\t\t\t\t\t\tdata-rsp_ch=\"on\"\n\t\t\t\t\t\t\t\t\tdata-xy=\"xo:408px,358px,304px,244px;yo:87px,72px,64px,54px;\"\n\t\t\t\t\t\t\t\t\tdata-pos=\"a\"\n\t\t\t\t\t\t\t\t\tdata-text=\"w:normal;s:60,52,45,35;l:65,57,51,38;fw:700;\"\n\t\t\t\t\t\t\t\t\tdata-frame_0=\"y:100%;\"\n\t\t\t\t\t\t\t\t\tdata-frame_0_mask=\"u:t;\"\n\t\t\t\t\t\t\t\t\tdata-frame_1=\"st:580;sp:1200;sR:580;\"\n\t\t\t\t\t\t\t\t\tdata-frame_1_mask=\"u:t;\"\n\t\t\t\t\t\t\t\t\tdata-frame_999=\"o:0;st:w;sR:7220;\"\n\t\t\t\t\t\t\t\t\tstyle=\"z-index:7;font-family:'Fira Sans';\"\n\t\t\t\t\t\t\t\t>SMART - \n\t\t\t\t\t\t\t\t<\/rs-layer><!--\n\n\t\t\t\t\t\t\t\t--><rs-layer\n\t\t\t\t\t\t\t\t\tid=\"slider-38-slide-55-layer-2\" \n\t\t\t\t\t\t\t\t\tdata-type=\"text\"\n\t\t\t\t\t\t\t\t\tdata-rsp_ch=\"on\"\n\t\t\t\t\t\t\t\t\tdata-xy=\"xo:0,0,0,6px;yo:89px,73px,64px,52px;\"\n\t\t\t\t\t\t\t\t\tdata-pos=\"a\"\n\t\t\t\t\t\t\t\t\tdata-text=\"w:normal;s:60,52,45,35;l:65,56,51,41;fw:700;\"\n\t\t\t\t\t\t\t\t\tdata-dim=\"w:600px,574px,436px,304px;\"\n\t\t\t\t\t\t\t\t\tdata-frame_0=\"y:100%;\"\n\t\t\t\t\t\t\t\t\tdata-frame_0_mask=\"u:t;\"\n\t\t\t\t\t\t\t\t\tdata-frame_1=\"st:220;sp:1200;sR:220;\"\n\t\t\t\t\t\t\t\t\tdata-frame_1_mask=\"u:t;\"\n\t\t\t\t\t\t\t\t\tdata-frame_999=\"o:0;st:w;sR:7580;\"\n\t\t\t\t\t\t\t\t\tstyle=\"z-index:6;font-family:'Fira Sans';\"\n\t\t\t\t\t\t\t\t>Von Grund auf  \n\t\t\t\t\t\t\t\t<\/rs-layer><!--\n\t\t\t\t\t\t\t--><\/rs-group><!--\n-->\t\t\t\t\t<\/rs-slide>\n\t\t\t\t\t<\/rs-slides>\n\t\t\t\t<\/rs-module>\n\t\t\t\t<script>\n\t\t\t\t\tsetREVStartSize({c: 'rev_slider_38_1',rl:[1240,1024,778,480],el:[800,767.986,960,720],gw:[1240,1024,778,480],gh:[800,768,960,720],type:'standard',justify:'',layout:'fullwidth',mh:\"0\"});if (window.RS_MODULES!==undefined && window.RS_MODULES.modules!==undefined && window.RS_MODULES.modules[\"revslider381\"]!==undefined) {window.RS_MODULES.modules[\"revslider381\"].once = false;window.revapi38 = undefined;if (window.RS_MODULES.checkMinimal!==undefined) window.RS_MODULES.checkMinimal()}\n\t\t\t\t<\/script>\n\t\t\t<\/rs-module-wrap>\n\t\t\t<!-- END REVOLUTION SLIDER -->\n<\/div>\n\n\t\t\t\t\t\t<\/div>\n\t\t\t\t<\/div>\n\t\t\t\t\t<\/div>\n\t\t<\/div>\n\t\t\t\t\t<\/div>\n\t\t<\/section>\n\t\t\t\t<section class=\"elementor-section elementor-top-section elementor-element elementor-element-6fdc0388 elementor-section-boxed elementor-section-height-default elementor-section-height-default\" data-id=\"6fdc0388\" data-element_type=\"section\" data-e-type=\"section\">\n\t\t\t\t\t\t<div class=\"elementor-container elementor-column-gap-default\">\n\t\t\t\t\t<div class=\"elementor-column elementor-col-100 elementor-top-column elementor-element elementor-element-7e128704\" data-id=\"7e128704\" data-element_type=\"column\" data-e-type=\"column\">\n\t\t\t<div class=\"elementor-widget-wrap\">\n\t\t\t\t\t\t\t<\/div>\n\t\t<\/div>\n\t\t\t\t\t<\/div>\n\t\t<\/section>\n\t\t\t\t<section class=\"elementor-section elementor-top-section elementor-element elementor-element-48404563 elementor-section-boxed elementor-section-height-default elementor-section-height-default\" data-id=\"48404563\" data-element_type=\"section\" data-e-type=\"section\">\n\t\t\t\t\t\t<div class=\"elementor-container elementor-column-gap-default\">\n\t\t\t\t\t<div class=\"elementor-column elementor-col-100 elementor-top-column elementor-element elementor-element-70879b03\" data-id=\"70879b03\" data-element_type=\"column\" data-e-type=\"column\">\n\t\t\t<div class=\"elementor-widget-wrap elementor-element-populated\">\n\t\t\t\t\t\t<div class=\"elementor-element elementor-element-df6f392 elementor-widget elementor-widget-sectiontitle\" data-id=\"df6f392\" data-element_type=\"widget\" data-e-type=\"widget\" data-widget_type=\"sectiontitle.default\">\n\t\t\t\t<div class=\"elementor-widget-container\">\n\t\t\t\t\t\r\n\t\t\t\t<div class=\"\">\r\n\t\t\t<div class=\"section-title t_left\">\r\n\t\t\t\t<h5>\/\/ Projekt Home<\/h5>\r\n\t\t\t\t<div class=\"title\">\r\n\t\t\t\t    <h3>Smart Home auf neuem Niveau \u2013 ein Projekt<\/h3>\r\n\t\t\t\t    <h2>mit <span>Zukunft<\/span><\/h2>\r\n\t\t\t\t<\/div>\r\n\t\t\t\t\t\t\t\r\n\t\t\t\t<div class=\"bar-main\">\r\n\t\t\t\t\t<div class=\"bar bar-big\"><\/div>\r\n\t\t\t\t<\/div>\r\n\t\t\t\t\t\t\t\t<p><p>\n    Im Rahmen umfassender Umbauma\u00dfnahmen an einem Einfamilienhaus wurde die gesamte Elektroinstallation modernisiert und mit zukunftssicheren Smart-Home-L\u00f6sungen ausgestattet.\n    Gemeinsam mit <strong>Trepte Elektrotechnik<\/strong> hatte ich einen erfahrenen und zuverl\u00e4ssigen Partner an meiner Seite, der die vollst\u00e4ndige <strong>wired-Anbindung aller Homematic-Komponenten<\/strong> professionell umgesetzt hat.\n  <\/p>\n<br>\n  <p>\n    In enger Zusammenarbeit mit dem Kunden haben wir die passende Systemarchitektur ausgew\u00e4hlt und individuell auf die Anforderungen vor Ort zugeschnitten.\n    Das Ergebnis ist ein spannendes und vielseitiges Smart-Home-Projekt, das sowohl Komfort als auch Sicherheit deutlich erh\u00f6ht.\n  <\/p>\n<br><br>\n  Zum Einsatz kamen unter anderem:<br><br>\n  <ul>\n    <li>Eine voll integrierte <strong>Alarmanlage<\/strong><\/li>\n    <li><strong>Rauch- und Wassermelder<\/strong> zur fr\u00fchzeitigen Gefahrenmeldung<\/li>\n    <li><strong>Live-Kamerabilder<\/strong> f\u00fcr mehr Sicherheit und \u00dcberblick<\/li>\n    <li><strong>Shelly RGBW-Controller<\/strong> zur flexiblen LED-Lichtsteuerung<\/li>\n  <\/ul>\n\n  <p><br><br>\n    Die technische Basis des Systems besteht aus drei zentralen Komponenten:\n  <\/p><br><br>\n  <ul>\n    <li>einer <strong>Homematic CCU3<\/strong> zur zuverl\u00e4ssigen Ger\u00e4teanbindung<\/li>\n    <li><strong>ioBroker<\/strong> als leistungsf\u00e4hige Automatisierungsplattform<\/li>\n    <li>einem dedizierten <strong>Server<\/strong>, der Cloud-Dienste bereitstellt und Kamerabilder auswertet<\/li>\n  <\/ul>\n\n  <p><br><br>\n    Zum Abschluss des Projekts erhielt der Kunde eine strukturierte System\u00fcbergabe sowie eine umfassende Dokumentation und Anleitung zur weiteren Nutzung.\n  <\/p>\n<\/section><\/p>\r\n\t\t\t<\/div>\t\r\n\t\t<\/div>\r\n\t\t\r\n\t\t\t\t\t<\/div>\n\t\t\t\t<\/div>\n\t\t\t\t\t<\/div>\n\t\t<\/div>\n\t\t\t\t\t<\/div>\n\t\t<\/section>\n\t\t\t\t<\/div>\n\t\t","protected":false},"excerpt":{"rendered":"<p>\/\/ Projekt Home Smart Home auf neuem Niveau \u2013 ein Projekt mit Zukunft Im Rahmen umfassender Umbauma\u00dfnahmen an einem Einfamilienhaus wurde die gesamte Elektroinstallation modernisiert und mit zukunftssicheren Smart-Home-L\u00f6sungen ausgestattet. Gemeinsam mit Trepte Elektrotechnik hatte ich einen erfahrenen und zuverl\u00e4ssigen Partner an meiner Seite, der die vollst\u00e4ndige wired-Anbindung aller Homematic-Komponenten professionell umgesetzt hat. In enger [&hellip;]<\/p>\n","protected":false},"author":1,"featured_media":0,"parent":0,"menu_order":0,"comment_status":"closed","ping_status":"closed","template":"page-templates\/template-default.php","meta":{"footnotes":""},"class_list":["post-16856","page","type-page","status-publish","hentry"],"_links":{"self":[{"href":"https:\/\/dev.smarthomesolutions-mt.de\/index.php?rest_route=\/wp\/v2\/pages\/16856","targetHints":{"allow":["GET"]}}],"collection":[{"href":"https:\/\/dev.smarthomesolutions-mt.de\/index.php?rest_route=\/wp\/v2\/pages"}],"about":[{"href":"https:\/\/dev.smarthomesolutions-mt.de\/index.php?rest_route=\/wp\/v2\/types\/page"}],"author":[{"embeddable":true,"href":"https:\/\/dev.smarthomesolutions-mt.de\/index.php?rest_route=\/wp\/v2\/users\/1"}],"replies":[{"embeddable":true,"href":"https:\/\/dev.smarthomesolutions-mt.de\/index.php?rest_route=%2Fwp%2Fv2%2Fcomments&post=16856"}],"version-history":[{"count":7,"href":"https:\/\/dev.smarthomesolutions-mt.de\/index.php?rest_route=\/wp\/v2\/pages\/16856\/revisions"}],"predecessor-version":[{"id":16865,"href":"https:\/\/dev.smarthomesolutions-mt.de\/index.php?rest_route=\/wp\/v2\/pages\/16856\/revisions\/16865"}],"wp:attachment":[{"href":"https:\/\/dev.smarthomesolutions-mt.de\/index.php?rest_route=%2Fwp%2Fv2%2Fmedia&parent=16856"}],"curies":[{"name":"wp","href":"https:\/\/api.w.org\/{rel}","templated":true}]}}